{"id":22,"date":"2018-12-29T22:30:07","date_gmt":"2018-12-29T22:30:07","guid":{"rendered":"http:\/\/supermercadobandeira.com.br\/?page_id=22"},"modified":"2019-05-10T13:48:25","modified_gmt":"2019-05-10T13:48:25","slug":"about","status":"publish","type":"page","link":"http:\/\/supermercadobandeira.com.br\/?page_id=22","title":{"rendered":"Sobre n\u00f3s"},"content":{"rendered":"\n<h2 class=\"wp-block-heading\" style=\"text-align:center\"><strong>Supermercado Bandeira, em uma breve historia.<\/strong> <br><\/h2>\n\n\n\n<blockquote style=\"text-align:center\" class=\"wp-block-quote is-layout-flow wp-block-quote-is-layout-flow\"><p> Desde de 1976 ao lado do consumidor,&nbsp; oferecendo&nbsp; bons servi\u00e7os!<br>O Supermercado Bandeira est\u00e1 h\u00e1 mais de 40 anos ao seu lado, sempre oferecendo qualidade e \u00f3timo atendimento al\u00e9m de promo\u00e7\u00f5es que j\u00e1 viraram mania, como, Ter\u00e7a-Especial e Quinta-Padaria, entre outras.<br>\u00c9 um supermercado completo, com uma ampla \u00e1rea constru\u00edda, possui mais de 15 mil itens \u00e0 sua disposi\u00e7\u00e3o e oferece todas as se\u00e7\u00f5es inerentes a um grande Supermercado como Padaria, A\u00e7ougue e Hortifr\u00fati, todos os setores com produtos de extrema qualidade e profissionais bem capacitados para atende-los com qualidade. <\/p><\/blockquote>\n\n\n\n<h2 class=\"wp-block-heading\" style=\"text-align:center\">Miss\u00e3o<\/h2>\n\n\n\n<blockquote style=\"text-align:center\" class=\"wp-block-quote is-layout-flow wp-block-quote-is-layout-flow\"><p> Fornecer produtos e servi\u00e7os com excel\u00eancia e qualidade, oferecendo aos nossos clientes as melhores condi\u00e7\u00f5es de pagamento. Garantir aos nossos colaboradores a oportunidade de crescimento profissional e plano de carreira, estimulando a qualifica\u00e7\u00e3o e desenvolvimento pessoal, profissional de todos.&nbsp;<br><\/p><\/blockquote>\n\n\n\n<h2 class=\"wp-block-heading\" style=\"text-align:center\">Vis\u00e3o<\/h2>\n\n\n\n<blockquote style=\"text-align:center\" class=\"wp-block-quote is-layout-flow wp-block-quote-is-layout-flow\"><p> Reconhecimento e fideliza\u00e7\u00e3o dos nossos clientes pela efici\u00eancia e referencia no segmento de mercado, demonstrando nosso diferencial em atendimento, qualidade, agilidade e credibilidade aos nossos neg\u00f3cios, gerando emprego e proporcionando um ambiente saud\u00e1vel e competitivo.<\/p><\/blockquote>\n\n\n\n<h2 class=\"wp-block-heading\" style=\"text-align:center\">Valor<\/h2>\n\n\n\n<blockquote style=\"text-align:center\" class=\"wp-block-quote is-layout-flow wp-block-quote-is-layout-flow\"><p> Respeito aos nossos clientes, fornecedores e colaboradores comprometidos com nossos objetivos; confian\u00e7a baseada na coopera\u00e7\u00e3o e preocupa\u00e7\u00e3o com o bem-estar da sociedade, produtividade, responsabilidade, \u00e9tica, honestidade, dedica\u00e7\u00e3o ao trabalho e principalmente transpar\u00eancia fazem parte de nosso neg\u00f3cio.  <\/p><\/blockquote>\n","protected":false},"excerpt":{"rendered":"<p>Supermercado Bandeira, em uma breve historia. Desde de 1976 ao lado do consumidor,&nbsp; oferecendo&nbsp; bons servi\u00e7os!O Supermercado Bandeira est\u00e1 h\u00e1 mais de 40 anos ao seu lado, sempre oferecendo qualidade e \u00f3timo atendimento al\u00e9m de promo\u00e7\u00f5es que j\u00e1 viraram mania, como, Ter\u00e7a-Especial e Quinta-Padaria, entre outras.\u00c9 um supermercado completo, com uma ampla \u00e1rea constru\u00edda, possui<\/p><\/div>\n<div class=\"blog-btn\"><a href=\"http:\/\/supermercadobandeira.com.br\/?page_id=22\" class=\"home-blog-btn\">Ler mais<\/a><\/p>\n","protected":false},"author":1,"featured_media":0,"parent":0,"menu_order":0,"comment_status":"closed","ping_status":"closed","template":"","meta":{"footnotes":""},"class_list":["post-22","page","type-page","status-publish","hentry"],"_links":{"self":[{"href":"http:\/\/supermercadobandeira.com.br\/index.php?rest_route=\/wp\/v2\/pages\/22","targetHints":{"allow":["GET"]}}],"collection":[{"href":"http:\/\/supermercadobandeira.com.br\/index.php?rest_route=\/wp\/v2\/pages"}],"about":[{"href":"http:\/\/supermercadobandeira.com.br\/index.php?rest_route=\/wp\/v2\/types\/page"}],"author":[{"embeddable":true,"href":"http:\/\/supermercadobandeira.com.br\/index.php?rest_route=\/wp\/v2\/users\/1"}],"replies":[{"embeddable":true,"href":"http:\/\/supermercadobandeira.com.br\/index.php?rest_route=%2Fwp%2Fv2%2Fcomments&post=22"}],"version-history":[{"count":57,"href":"http:\/\/supermercadobandeira.com.br\/index.php?rest_route=\/wp\/v2\/pages\/22\/revisions"}],"predecessor-version":[{"id":861,"href":"http:\/\/supermercadobandeira.com.br\/index.php?rest_route=\/wp\/v2\/pages\/22\/revisions\/861"}],"wp:attachment":[{"href":"http:\/\/supermercadobandeira.com.br\/index.php?rest_route=%2Fwp%2Fv2%2Fmedia&parent=22"}],"curies":[{"name":"wp","href":"https:\/\/api.w.org\/{rel}","templated":true}]}}